{"id":198,"date":"2021-05-24T12:33:49","date_gmt":"2021-05-24T03:33:49","guid":{"rendered":"https:\/\/orsj.org\/ramp\/?page_id=198"},"modified":"2023-03-29T15:29:51","modified_gmt":"2023-03-29T06:29:51","slug":"program","status":"publish","type":"page","link":"https:\/\/orsj.org\/ramp\/ramp2021\/program\/","title":{"rendered":"RAMP 2021 \u30d7\u30ed\u30b0\u30e9\u30e0"},"content":{"rendered":"<h3><b data-stringify-type=\"bold\">2021\u5e7411\u670818\u65e5(\u6728)\u00a0<\/b><\/h3>\n<ul>\n<li><strong>\u00a0 9:50-10:00\u3000\u958b\u4f1a\u306e\u6328\u62f6<br \/>\n<\/strong><\/li>\n<li><b data-stringify-type=\"bold\">10:00-13:00\u3000\u300c\u90fd\u5e02\u30fb\u4ea4\u901a\u30b7\u30b9\u30c6\u30e0\u306e\u5b89\u5b9a\u6027\u3068\u6700\u9069\u5316\u300d<br \/>\n\u30aa\u30fc\u30ac\u30ca\u30a4\u30b6: \u5ca9\u5ca1 \u6d69\u4e00\u90ce (\u30d1\u30ca\u30bd\u30cb\u30c3\u30af \u30b7\u30b9\u30c6\u30e0\u30bd\u30ea\u30e5\u30fc\u30b7\u30e7\u30f3\u30ba \u30b8\u30e3\u30d1\u30f3(\u682a))<\/b><\/p>\n<ul>\n<li>\u4e95\u6599 \u9686\u96c5\uff08\u6771\u5317\u5927\u5b66\uff09<br \/>\n\u300c\u4ea4\u901a\u30b7\u30b9\u30c6\u30e0\u306e\u4e0d\u5b89\u5b9a\u6027\u3068\u305d\u306e\u5b89\u5b9a\u5316\u300d<\/li>\n<li>\u4f50\u6d25\u5ddd \u529f\u5b63\uff08\u6771\u5317\u5927\u5b66\uff09\uff3b\u5171\u8457\u8005\uff1a\u548c\u7530 \u5065\u592a\u90ce\uff08\u7b51\u6ce2\u5927\u5b66\uff09\uff3d<br \/>\n\u300c\u52d5\u7684\u30cd\u30c3\u30c8\u30ef\u30fc\u30af\u4ea4\u901a\u6d41\u89e3\u6790\u3068\u78ba\u7387\u9032\u5316\u30b2\u30fc\u30e0\u7406\u8ad6\u300d<\/li>\n<li>\u00a0\u5927\u6fa4 \u5b9f\uff08\u4eac\u90fd\u5927\u5b66\uff09\uff3b\u5171\u8457\u8005\uff1a\u8d64\u677e \u9686\uff08\u6771\u5317\u5927\u5b66\uff09\uff3d<br \/>\n\u300c\u90fd\u5e02\u5185\u306e\u7a7a\u9593\u69cb\u9020\u3068\u30dd\u30c6\u30f3\u30b7\u30e3\u30eb\u30b2\u30fc\u30e0\u300d<\/li>\n<\/ul>\n<\/li>\n<\/ul>\n<ul>\n<li><b data-stringify-type=\"bold\"> 14:00-17:00\u3000\u300c\u9023\u7d9a\u6700\u9069\u5316\u306e\u62e1\u304c\u308a\u300d<br \/>\n\u30aa\u30fc\u30ac\u30ca\u30a4\u30b6: \u6b66\u7530 \u6717\u5b50 (\u6771\u4eac\u5927\u5b66\/\u7406\u5316\u5b66\u7814\u7a76\u6240)<\/b><\/p>\n<ul>\n<li>\u4f0a\u85e4 \u4f38\u5fd7 (NEC \u30c7\u30fc\u30bf\u30b5\u30a4\u30a8\u30f3\u30b9\u7814\u7a76\u6240)<br \/>\n\u300c\u74b0\u5883\u9069\u5fdc\u578b\u30aa\u30f3\u30e9\u30a4\u30f3\u6700\u9069\u5316 \u300d<\/li>\n<li>\u8c37\u53e3 \u9686\u6674 (\u795e\u6238\u5927\u5b66)<br \/>\n\u300c\u81ea\u52d5\u96e2\u6563\u5fae\u5206\u3068\u305d\u306e\u5c55\u958b \u300d<\/li>\n<li>\u4e2d\u52d9 \u4f51\u6cbb (\u30aa\u30c3\u30af\u30b9\u30d5\u30a9\u30fc\u30c9\u5927\u5b66)<br \/>\n\u300c\u884c\u5217\u63a8\u5b9a\u3068\u5fdc\u7528\u300d<\/li>\n<\/ul>\n<\/li>\n<li><strong>17:00-17:20\u3000<\/strong><strong>\u4f11\u61a9<br \/>\n<\/strong><\/li>\n<li><strong>17:20-18:20\u3000\u300c\u7279\u5225\u8b1b\u6f141\u300d<br \/>\n\u53f8\u4f1a\uff1a\u4f50\u3005\u6728 \u7f8e\u88d5 (\u5357\u5c71\u5927\u5b66)<br \/>\n<\/strong><\/p>\n<ul>\n<li>J\u00f6rg Kalcsics (The University of Edinburgh)<br \/>\n\u300cVoronoi diagrams in rectilinear facility location problems with continuous demand\u300d<\/li>\n<\/ul>\n<\/li>\n<li><strong>19:00-\u3000<\/strong>\u00a0<strong>\u61c7\u89aa\u4f1a<br \/>\n<\/strong><\/li>\n<\/ul>\n<h3><b data-stringify-type=\"bold\">2021\u5e7411\u670819\u65e5(\u91d1)\u00a0<\/b><\/h3>\n<ul>\n<li><strong>\u00a0 8:45- 9:45\u3000\u300c\u7279\u5225\u8b1b\u6f142\u300d<br \/>\n\u53f8\u4f1a\uff1a \u4f50\u3005\u6728 \u7f8e\u88d5 (\u5357\u5c71\u5927\u5b66)<br \/>\n<\/strong><\/p>\n<ul>\n<li>Gilbert Laporte (HEC Montr\u00e9al) [ Co-authors: Marie-\u00c8ve Rancourt (HEC Montr\u00e9al), Jessica Rodr\u00edguez-Pereira (Universitat Pompeu Fabra), Selene Silvestri (FICO) ]\n\u300cLocation of water taps and design of a water distribution network in Nepal\u300d<\/li>\n<\/ul>\n<\/li>\n<li><strong>\u00a0 9:45-10:00\u3000\u4f11\u61a9<\/strong><\/li>\n<li><b data-stringify-type=\"bold\">10:00-13:00\u3000\u300c\u96e2\u6563\u6700\u9069\u5316\u306e\u6700\u524d\u7dda \u2013 \u30d1\u30e9\u30e1\u30fc\u30bf\u5316\u30a2\u30eb\u30b4\u30ea\u30ba\u30e0\u8a2d\u8a08 \u2013 \u300d<br \/>\n\u30aa\u30fc\u30ac\u30ca\u30a4\u30b6: \u5c0f\u91ce \u5ee3\u9686 (\u540d\u53e4\u5c4b\u5927\u5b66)<\/b><\/p>\n<ul>\n<li>\u5c0f\u6797 \u9756\u660e\uff08\u4eac\u90fd\u5927\u5b66\uff09<br \/>\n\u300c\u758e\u30b0\u30e9\u30d5\u306b\u5bfe\u3059\u308b\u30a2\u30eb\u30b4\u30ea\u30ba\u30e0\u7684\u30e1\u30bf\u5b9a\u7406\u300d<\/li>\n<li>\u5927\u8218 \u967d\u592a\uff08\u540d\u53e4\u5c4b\u5927\u5b66\uff09<br \/>\n\u300c\u30b0\u30e9\u30d5\u306e\u5e45\u30d1\u30e9\u30e1\u30fc\u30bf\u3092\u7528\u3044\u305f\u30a2\u30eb\u30b4\u30ea\u30ba\u30e0\u8a2d\u8a08\u306b\u3064\u3044\u3066\u300d<\/li>\n<li>\u7389\u6728 \u4e45\u592b\uff08\u660e\u6cbb\u5927\u5b66\uff09<br \/>\n\u300c\u6728\u5e45\u306b\u5bfe\u3059\u308b\u5b89\u5168\u306a\u30bb\u30d1\u30ec\u30fc\u30bf\u306e\u5b9f\u9a13\u7684\u89e3\u6790\u300d<\/li>\n<\/ul>\n<\/li>\n<\/ul>\n<ul>\n<li><b data-stringify-type=\"bold\">14:00-17:00\u3000\u300c\u5927\u898f\u6a21\u30c7\u30fc\u30bf\u306e\u6d3b\u7528\u3068\u6700\u9069\u5316\u300d<br \/>\n\u30aa\u30fc\u30ac\u30ca\u30a4\u30b6: \u9ad8\u5d8b \u9686\u592a (\u6771\u4eac\u7406\u79d1\u5927\u5b66)<\/b><\/p>\n<ul>\n<li>\u68ee \u4fca\u4ecb\uff08\u79d1\u5b66\u6280\u8853\u632f\u8208\u6a5f\u69cb \u4f4e\u70ad\u7d20\u793e\u4f1a\u6226\u7565\u30bb\u30f3\u30bf\u30fc\uff09<br \/>\n\u300c\u8d85\u9577\u671f\u5730\u7403\u6e29\u6696\u5316\uff0f\u30a8\u30cd\u30eb\u30ae\u30fc\uff0f\u7d4c\u6e08\u7d71\u5408\u8a55\u4fa1\u30e2\u30c7\u30eb\u306e\u958b\u767a\u3068\u3053\u308c\u304b\u3089\u306e\u8ab2\u984c\u300d<\/li>\n<li>\u4f0a\u85e4 \u771f\u7406\uff08\u6771\u4eac\u7406\u79d1\u5927\u5b66\uff09<br \/>\n\u300c\u533b\u7642\u8cc7\u6e90\u306e\u52b9\u7387\u7684\u306a\u6d3b\u7528\u30fc\u30d8\u30eb\u30b9\u30b1\u30a2\u30fb\u30b9\u30b1\u30b8\u30e5\u30fc\u30ea\u30f3\u30b0\u30fc\u300d<\/li>\n<li>\u677e\u5d0e \u4eae\u4ecb\uff08\u6771\u4eac\u7406\u79d1\u5927\u5b66\uff09\uff3b\u5171\u8457\u8005\uff1a\u6749\u5c71 \u5805\u592a\u90ce\uff08\u6771\u4eac\u7406\u79d1\u5927\u5b66\uff09\uff3d<br \/>\n\u300c\u8907\u5408\u6750\u65993D\u30d7\u30ea\u30f3\u30c6\u30a3\u30f3\u30b0\u306e\u305f\u3081\u306e\u7e4a\u7dad\u30d1\u30b9\u6700\u9069\u5316\u300d<\/li>\n<\/ul>\n<\/li>\n<li><strong>17:00-17:10\u3000\u9589\u4f1a\u306e\u6328\u62f6<br \/>\n<\/strong><\/li>\n<\/ul>\n","protected":false},"excerpt":{"rendered":"<p>2021\u5e7411\u670818\u65e5(\u6728)\u00a0 \u00a0 9:50-10:00\u3000\u958b\u4f1a\u306e\u6328\u62f6 10:00-13:00\u3000\u300c\u90fd\u5e02\u30fb\u4ea4\u901a\u30b7\u30b9\u30c6\u30e0\u306e\u5b89\u5b9a\u6027\u3068\u6700\u9069\u5316\u300d \u30aa\u30fc\u30ac\u30ca\u30a4\u30b6: \u5ca9\u5ca1 \u6d69\u4e00\u90ce (\u30d1\u30ca\u30bd\u30cb\u30c3\u30af \u30b7\u30b9\u30c6\u30e0\u30bd\u30ea\u30e5\u30fc\u30b7\u30e7\u30f3\u30ba \u30b8\u30e3\u30d1\u30f3(\u682a) [&hellip;]<\/p>\n","protected":false},"author":14,"featured_media":0,"parent":115,"menu_order":0,"comment_status":"closed","ping_status":"closed","template":"","meta":{"_monsterinsights_skip_tracking":false,"_monsterinsights_sitenote_active":false,"_monsterinsights_sitenote_note":"","_monsterinsights_sitenote_category":0,"_mc_calendar":[]},"_links":{"self":[{"href":"https:\/\/orsj.org\/ramp\/wp-json\/wp\/v2\/pages\/198"}],"collection":[{"href":"https:\/\/orsj.org\/ramp\/wp-json\/wp\/v2\/pages"}],"about":[{"href":"https:\/\/orsj.org\/ramp\/wp-json\/wp\/v2\/types\/page"}],"author":[{"embeddable":true,"href":"https:\/\/orsj.org\/ramp\/wp-json\/wp\/v2\/users\/14"}],"replies":[{"embeddable":true,"href":"https:\/\/orsj.org\/ramp\/wp-json\/wp\/v2\/comments?post=198"}],"version-history":[{"count":35,"href":"https:\/\/orsj.org\/ramp\/wp-json\/wp\/v2\/pages\/198\/revisions"}],"predecessor-version":[{"id":523,"href":"https:\/\/orsj.org\/ramp\/wp-json\/wp\/v2\/pages\/198\/revisions\/523"}],"up":[{"embeddable":true,"href":"https:\/\/orsj.org\/ramp\/wp-json\/wp\/v2\/pages\/115"}],"wp:attachment":[{"href":"https:\/\/orsj.org\/ramp\/wp-json\/wp\/v2\/media?parent=198"}],"curies":[{"name":"wp","href":"https:\/\/api.w.org\/{rel}","templated":true}]}}