{"id":166,"date":"2021-03-19T13:26:30","date_gmt":"2021-03-19T04:26:30","guid":{"rendered":"https:\/\/orsj.org\/queue\/?page_id=166"},"modified":"2021-03-19T13:26:30","modified_gmt":"2021-03-19T04:26:30","slug":"quesym2010","status":"publish","type":"page","link":"https:\/\/orsj.org\/queue\/symposium\/quesym_history\/quesym2010\/","title":{"rendered":"2010\u5e74\u5ea6(\u7b2c29\u56de)\u5f85\u3061\u884c\u5217\u30b7\u30f3\u30dd\u30b8\u30a6\u30e0"},"content":{"rendered":"<h2 align=\"center\">2010\u5e74\u5ea6(\u7b2c29\u56de)\u5f85\u3061\u884c\u5217\u30b7\u30f3\u30dd\u30b8\u30a6\u30e0<\/h2>\n<h3 align=\"center\">\u300c\u78ba\u7387\u30e2\u30c7\u30eb\u3068\u305d\u306e\u5fdc\u7528\u300d<\/h3>\n<dl>\n<dt>\u65e5\u7a0b\u30fb\u4f1a\u5834<\/dt>\n<dd>2011\u5e741\u670817\u65e5 (\u6708)\u301c19\u65e5 (\u6c34)<br \/>\n\u4eac\u90fd\u30ac\u30fc\u30c7\u30f3\u30d1\u30ec\u30b9\uff08\u4eac\u90fd\u5e9c\u4eac\u90fd\u5e02\u4e0a\u4eac\u533a\uff09\n<\/dd>\n<dt>\u53c2\u52a0\u8005<\/dt>\n<dd>85\u540d<\/dd>\n<dt>\u30d7\u30ed\u30b0\u30e9\u30e0<\/dt>\n<dd><a href=\"\/queue\/wp-content\/uploads\/sites\/8\/2021\/03\/quesym2010program.pdf\">PDF\u7248<\/a><\/dd>\n<dt>\u7279\u5225\u8b1b\u6f14<\/dt>\n<dd>Fran\u00e7ois Baccelli (\u00c9cole Normale Sup\u00e9rieure, France)<\/dd>\n<dt>\u7814\u7a76\u5968\u52b1\u8cde\u53d7\u8cde\u8005<\/dt>\n<dd>Tuan Phung-Duc (\u4eac\u90fd\u5927\u5b66)<\/p>\n<p>\u9078\u8003\u59d4\u54e1\u9577 : \u9ad8\u6a4b \u8c4a (\u4eac\u90fd\u5927\u5b66)<br \/>\n\u9078\u8003\u59d4\u54e1 : \u5c0f\u91ce\u91cc \u597d\u90a6 (\u7fa4\u99ac\u5927\u5b66), \u9006\u702c\u5ddd \u6d69\u5b5d (\u65e9\u7a32\u7530\u5927\u5b66), \u9ad8\u6728 \u82f1\u660e (\u7b51\u6ce2\u5927\u5b66), \u6edd\u6839 \u54f2\u54c9 (\u5927\u962a\u5927\u5b66)\uff0c\u5bae\u6ca2 \u653f\u6e05 (\u6771\u4eac\u7406\u79d1\u5927\u5b66), \u5c71\u4e0b \u82f1\u660e (\u9996\u90fd\u5927\u5b66\u6771\u4eac)\n<\/dd>\n<dt>\u4e3b\u50ac<\/dt>\n<dd>\u5f85\u3061\u884c\u5217\u30b7\u30f3\u30dd\u30b8\u30a6\u30e0\u5b9f\u884c\u59d4\u54e1\u4f1a<\/dd>\n<dt>\u5b9f\u884c\u59d4\u54e1\u9577<\/dt>\n<dd>\u9ad8\u6a4b \u8c4a\uff08\u4eac\u90fd\u5927\u5b66 \u5927\u5b66\u9662 \u60c5\u5831\u5b66\u7814\u7a76\u79d1\uff09<\/dd>\n<dt>\u5b9f\u884c\u59d4\u54e1<\/dt>\n<dd>\n\u4e95\u5bb6 \u6566\t \uff08\u795e\u5948\u5ddd\u5de5\u79d1\u5927\u5b66 \u60c5\u5831\u5b66\u90e8\uff09<br \/>\n\u5ca1\u6751 \u5bdb\u4e4b\uff08\u5e83\u5cf6\u5927\u5b66 \u5927\u5b66\u9662 \u5de5\u5b66\u7814\u7a76\u79d1\uff09<br \/>\n\u6050\u795e \u8cb4\u884c\uff08\u65e5\u672c\u30a2\u30a4\u30fb\u30d3\u30fc\u30fb\u30a8\u30e0\uff08\u682a\uff09\u6771\u4eac\u57fa\u790e\u7814\u7a76\u6240\uff09<br \/>\n\u52a0\u85e4 \u61b2\u4e00\uff08\u6771\u4eac\u5de5\u696d\u5927\u5b66 \u5927\u5b66\u9662 \u60c5\u5831\u7406\u5de5\u5b66\u7814\u7a76\u79d1\uff09<br \/>\n\u6cb3\u897f \u61b2\u4e00\uff08\u7fa4\u99ac\u5927\u5b66 \u5927\u5b66\u9662 \u5de5\u5b66\u7814\u7a76\u79d1\uff09<br \/>\n\u4f50\u4e45\u9593 \u5927\uff08\u6771\u4eac\u7406\u79d1\u5927\u5b66\u3000\u7406\u5de5\u5b66\u90e8\uff09<br \/>\n\u9ad8\u7530 \u5bdb\u4e4b\uff08\u9577\u5d0e\u5927\u5b66 \u5de5\u5b66\u90e8\uff09<br \/>\n\u9ad8\u6728 \u82f1\u660e\uff08\u7b51\u6ce2\u5927\u5b66 \u5927\u5b66\u9662 \u30b7\u30b9\u30c6\u30e0\u60c5\u5831\u5de5\u5b66\u7814\u7a76\u79d1\uff09<br \/>\n\u9ad8\u6a4b \u7f8e\u4f50\uff08\u9ad8\u5d0e\u7d4c\u6e08\u5927\u5b66 \u5730\u57df\u653f\u7b56\u5b66\u90e8\uff09<br \/>\n\u85e4\u672c \u8861  \uff08\u6771\u4eac\u96fb\u6a5f\u5927\u5b66 \u7406\u5de5\u5b66\u90e8\uff09<br \/>\n\u5897\u5c71 \u535a\u4e4b\uff08\u4eac\u90fd\u5927\u5b66 \u5927\u5b66\u9662 \u60c5\u5831\u5b66\u7814\u7a76\u79d1\uff09<br \/>\n\u4e09\u597d \u76f4\u4eba\uff08\u6771\u4eac\u5de5\u696d\u5927\u5b66 \u5927\u5b66\u9662 \u60c5\u5831\u7406\u5de5\u5b66\u7814\u7a76\u79d1\uff09<\/p>\n<\/dl>\n","protected":false},"excerpt":{"rendered":"<p>2010\u5e74\u5ea6(\u7b2c29\u56de)\u5f85\u3061\u884c\u5217\u30b7\u30f3\u30dd\u30b8\u30a6\u30e0 \u300c\u78ba\u7387\u30e2\u30c7\u30eb\u3068\u305d\u306e\u5fdc\u7528\u300d \u65e5\u7a0b\u30fb\u4f1a\u5834 2011\u5e741\u670817\u65e5 (\u6708)\u301c19\u65e5 (\u6c34) \u4eac\u90fd\u30ac\u30fc\u30c7\u30f3\u30d1\u30ec\u30b9\uff08\u4eac\u90fd\u5e9c\u4eac\u90fd\u5e02\u4e0a\u4eac\u533a\uff09 \u53c2\u52a0\u8005 85\u540d \u30d7\u30ed\u30b0\u30e9\u30e0 PDF\u7248 \u7279\u5225\u8b1b\u6f14  [&hellip;]<\/p>\n","protected":false},"author":1,"featured_media":0,"parent":24,"menu_order":28,"comment_status":"closed","ping_status":"closed","template":"","meta":{"_monsterinsights_skip_tracking":false,"_monsterinsights_sitenote_active":false,"_monsterinsights_sitenote_note":"","_monsterinsights_sitenote_category":0,"_mc_calendar":[]},"_links":{"self":[{"href":"https:\/\/orsj.org\/queue\/wp-json\/wp\/v2\/pages\/166"}],"collection":[{"href":"https:\/\/orsj.org\/queue\/wp-json\/wp\/v2\/pages"}],"about":[{"href":"https:\/\/orsj.org\/queue\/wp-json\/wp\/v2\/types\/page"}],"author":[{"embeddable":true,"href":"https:\/\/orsj.org\/queue\/wp-json\/wp\/v2\/users\/1"}],"replies":[{"embeddable":true,"href":"https:\/\/orsj.org\/queue\/wp-json\/wp\/v2\/comments?post=166"}],"version-history":[{"count":3,"href":"https:\/\/orsj.org\/queue\/wp-json\/wp\/v2\/pages\/166\/revisions"}],"predecessor-version":[{"id":213,"href":"https:\/\/orsj.org\/queue\/wp-json\/wp\/v2\/pages\/166\/revisions\/213"}],"up":[{"embeddable":true,"href":"https:\/\/orsj.org\/queue\/wp-json\/wp\/v2\/pages\/24"}],"wp:attachment":[{"href":"https:\/\/orsj.org\/queue\/wp-json\/wp\/v2\/media?parent=166"}],"curies":[{"name":"wp","href":"https:\/\/api.w.org\/{rel}","templated":true}]}}